{"id":9,"date":"2020-04-24T11:43:03","date_gmt":"2020-04-24T11:43:03","guid":{"rendered":"https:\/\/www.zimiskopi.ch\/?page_id=9"},"modified":"2026-04-03T14:26:40","modified_gmt":"2026-04-03T14:26:40","slug":"home","status":"publish","type":"page","link":"https:\/\/zimiskopi.ch\/","title":{"rendered":"Home"},"content":{"rendered":"<p>[et_pb_section fb_built=&#8220;1&#8243; _builder_version=&#8220;4.16&#8243; background_color=&#8220;#000000&#8243; global_colors_info=&#8220;{}&#8220;][et_pb_row column_structure=&#8220;1_2,1_2&#8243; _builder_version=&#8220;4.16&#8243; global_colors_info=&#8220;{}&#8220;][et_pb_column type=&#8220;1_2&#8243; _builder_version=&#8220;4.16&#8243; global_colors_info=&#8220;{}&#8220;][et_pb_image src=&#8220;https:\/\/zimiskopi.ch\/wp-content\/uploads\/2020\/04\/Logo_Web.jpg&#8220; _builder_version=&#8220;4.16&#8243; global_colors_info=&#8220;{}&#8220;][\/et_pb_image][\/et_pb_column][et_pb_column type=&#8220;1_2&#8243; _builder_version=&#8220;4.16&#8243; global_colors_info=&#8220;{}&#8220;][et_pb_text _builder_version=&#8220;4.16&#8243; global_colors_info=&#8220;{}&#8220;][\/et_pb_text][et_pb_button button_url=&#8220;https:\/\/www.zimiskopi.ch\/index.php\/aktion\/&#8220; button_text=&#8220;Office Magazin April\/Mai 2026&#8243; button_alignment=&#8220;center&#8220; _builder_version=&#8220;4.27.4&#8243; custom_button=&#8220;on&#8220; button_text_color=&#8220;#FFFFFF&#8220; button_bg_color=&#8220;#8a8a8a&#8220; button_border_color=&#8220;rgba(0,0,0,0)&#8220; hover_enabled=&#8220;0&#8243; locked=&#8220;off&#8220; global_colors_info=&#8220;{}&#8220; sticky_enabled=&#8220;0&#8243;][\/et_pb_button][\/et_pb_column][\/et_pb_row][\/et_pb_section][et_pb_section fb_built=&#8220;1&#8243; _builder_version=&#8220;4.16&#8243; background_image=&#8220;https:\/\/zimiskopi.ch\/wp-content\/uploads\/2020\/04\/Shop.jpg&#8220; parallax=&#8220;on&#8220; global_colors_info=&#8220;{}&#8220;][et_pb_row column_structure=&#8220;1_2,1_2&#8243; _builder_version=&#8220;4.16&#8243; global_colors_info=&#8220;{}&#8220;][et_pb_column type=&#8220;1_2&#8243; _builder_version=&#8220;4.16&#8243; global_colors_info=&#8220;{}&#8220;][et_pb_text _builder_version=&#8220;4.16&#8243; text_text_color=&#8220;#e09900&#8243; header_text_color=&#8220;#e09900&#8243; background_layout=&#8220;dark&#8220; custom_padding=&#8220;7px|||||&#8220; header_text_shadow_style=&#8220;preset3&#8243; header_text_shadow_blur_strength=&#8220;0.05em&#8220; header_text_shadow_color=&#8220;#000000&#8243; global_colors_info=&#8220;{}&#8220;]<\/p>\n<h1 style=\"text-align: center;\"><span style=\"font-size: xx-large; font-family: inherit; font-weight: normal;\"><strong>Online-Shop<\/strong><\/span><\/h1>\n<p class=\"text-align-center\" style=\"text-align: center;\"><span style=\"color: #ffffff; font-size: large;\">Ihr Papeterie-Shop &#8211; heute bestellt, morgen geliefert.<\/span><br \/> <span style=\"color: #ffffff; font-size: large;\"> Bestellungen ab CHF 100 sind portofrei.<\/span><\/p>\n<p>[\/et_pb_text][\/et_pb_column][et_pb_column type=&#8220;1_2&#8243; _builder_version=&#8220;4.16&#8243; global_colors_info=&#8220;{}&#8220;][et_pb_text _builder_version=&#8220;4.16&#8243; header_text_color=&#8220;#e09900&#8243; custom_padding=&#8220;7px|||||&#8220; header_text_shadow_style=&#8220;preset3&#8243; header_text_shadow_blur_strength=&#8220;0.05em&#8220; header_text_shadow_color=&#8220;#000000&#8243; global_colors_info=&#8220;{}&#8220;]<\/p>\n<h1 style=\"text-align: center;\"><span style=\"color: #e09900; font-size: xx-large; font-family: inherit; font-weight: normal;\"><strong>\u00a0ProjektCloud<\/strong><\/span><\/h1>\n<p class=\"text-align-center\" style=\"text-align: center;\"><span style=\"color: #ffffff; font-size: large;\">gesch\u00fctzter Kundenbereich<\/span><span style=\"color: #ffffff; font-size: large;\"><br \/> <\/span><\/p>\n<p>[\/et_pb_text][\/et_pb_column][\/et_pb_row][et_pb_row column_structure=&#8220;1_2,1_2&#8243; _builder_version=&#8220;4.16&#8243; global_colors_info=&#8220;{}&#8220;][et_pb_column type=&#8220;1_2&#8243; _builder_version=&#8220;4.16&#8243; global_colors_info=&#8220;{}&#8220;][et_pb_button button_url=&#8220;https:\/\/372000.500.offix.ch\/de\/&#8220; button_text=&#8220;Jetzt bestellen&#8220; button_alignment=&#8220;center&#8220; _builder_version=&#8220;4.16&#8243; custom_button=&#8220;on&#8220; button_text_color=&#8220;#FFFFFF&#8220; button_bg_color=&#8220;#8a8a8a&#8220; button_border_color=&#8220;rgba(0,0,0,0)&#8220; global_colors_info=&#8220;{}&#8220;][\/et_pb_button][\/et_pb_column][et_pb_column type=&#8220;1_2&#8243; _builder_version=&#8220;4.16&#8243; global_colors_info=&#8220;{}&#8220;][et_pb_button button_url=&#8220;https:\/\/zimiskopiv2.tgcloud.ch\/login.php&#8220; button_text=&#8220;ProjektCloud&#8220; button_alignment=&#8220;center&#8220; _builder_version=&#8220;4.16&#8243; custom_button=&#8220;on&#8220; button_text_color=&#8220;#FFFFFF&#8220; button_bg_color=&#8220;#8a8a8a&#8220; button_border_color=&#8220;rgba(0,0,0,0)&#8220; global_colors_info=&#8220;{}&#8220;][\/et_pb_button][\/et_pb_column][\/et_pb_row][\/et_pb_section][et_pb_section fb_built=&#8220;1&#8243; _builder_version=&#8220;4.16&#8243; background_color=&#8220;#000000&#8243; global_colors_info=&#8220;{}&#8220;][et_pb_row _builder_version=&#8220;4.16&#8243; custom_padding=&#8220;27px|||||&#8220; global_colors_info=&#8220;{}&#8220;][et_pb_column type=&#8220;4_4&#8243; _builder_version=&#8220;4.16&#8243; global_colors_info=&#8220;{}&#8220;][et_pb_text _builder_version=&#8220;4.16&#8243; custom_padding=&#8220;7px|||||&#8220; locked=&#8220;off&#8220; global_colors_info=&#8220;{}&#8220;]<\/p>\n<h4 style=\"text-align: center;\"><span style=\"color: #e09900; font-size: xx-large; font-family: inherit; font-weight: normal;\"><strong>\u00dcber uns<\/strong><\/span><\/h4>\n<p class=\"text-align-center\" style=\"text-align: center;\"><span style=\"color: #ffffff; font-size: large;\">Zimiskopi &#8211; Ihr Partner f\u00fcr Plot- und Kopierservice, Scannen, Digital- und Plakatdruck sowie CAD-Plot. Ob CAD-technischer Plot oder Kunst\/Foto-Plot: Zimiskopi &#8211; Plotl\u00f6sungen f\u00fcr alle Bed\u00fcrfnisse.<\/span><\/p>\n<p class=\"text-align-center\" style=\"text-align: center;\"><span style=\"color: #ffffff; font-size: large;\">Zimiskopi ist Member von <a href=\"https:\/\/www.bni.swiss\/de\/meet-bni\/Niesen\" style=\"color: #ffffff;\">BNI Schweiz<\/a><\/span><\/p>\n<p class=\"text-align-center\" style=\"text-align: center;\"><span style=\"color: #ffffff; font-size: large;\"><\/span><\/p>\n<p>[\/et_pb_text][\/et_pb_column][\/et_pb_row][\/et_pb_section][et_pb_section fb_built=&#8220;1&#8243; _builder_version=&#8220;4.16&#8243; background_image=&#8220;https:\/\/zimiskopi.ch\/wp-content\/uploads\/2020\/04\/Angebot-scaled.jpg&#8220; global_colors_info=&#8220;{}&#8220;][et_pb_row _builder_version=&#8220;4.16&#8243; global_colors_info=&#8220;{}&#8220;][et_pb_column type=&#8220;4_4&#8243; _builder_version=&#8220;4.16&#8243; global_colors_info=&#8220;{}&#8220;][et_pb_text _builder_version=&#8220;4.16&#8243; custom_padding=&#8220;7px|||||&#8220; locked=&#8220;off&#8220; global_colors_info=&#8220;{}&#8220;]<\/p>\n<h4 style=\"text-align: center;\"><span style=\"color: #e09900; font-size: xx-large; font-family: inherit; font-weight: normal;\"><strong>Unser Angebot<\/strong><\/span><\/h4>\n<p class=\"text-align-center\" style=\"text-align: center;\"><span style=\"color: #ffffff; font-size: large;\">Wir verf\u00fcgen \u00fcber ein umfassendes Angebot. Egal was Sie suchen, bei uns finden Sie\u00a0<\/span><span style=\"color: #ffffff; font-size: large;\">bestimmt das Passende.<\/span><\/p>\n<p class=\"text-align-center\" style=\"text-align: center;\"><span style=\"color: #ffffff; font-size: large;\"><\/span><\/p>\n<p>[\/et_pb_text][\/et_pb_column][\/et_pb_row][et_pb_row _builder_version=&#8220;4.16&#8243; global_colors_info=&#8220;{}&#8220;][et_pb_column type=&#8220;4_4&#8243; _builder_version=&#8220;4.16&#8243; global_colors_info=&#8220;{}&#8220;][et_pb_button button_url=&#8220;@ET-DC@eyJkeW5hbWljIjp0cnVlLCJjb250ZW50IjoicG9zdF9saW5rX3VybF9wYWdlIiwic2V0dGluZ3MiOnsicG9zdF9pZCI6IjI0In19@&#8220; button_text=&#8220;Mehr erfahren&#8220; button_alignment=&#8220;center&#8220; _builder_version=&#8220;4.16&#8243; _dynamic_attributes=&#8220;button_url&#8220; custom_button=&#8220;on&#8220; button_text_color=&#8220;#FFFFFF&#8220; button_bg_color=&#8220;#8a8a8a&#8220; button_border_color=&#8220;rgba(0,0,0,0)&#8220; locked=&#8220;off&#8220; global_colors_info=&#8220;{}&#8220;][\/et_pb_button][\/et_pb_column][\/et_pb_row][\/et_pb_section][et_pb_section fb_built=&#8220;1&#8243; _builder_version=&#8220;4.16&#8243; background_color=&#8220;#000000&#8243; global_colors_info=&#8220;{}&#8220;][et_pb_row _builder_version=&#8220;4.16&#8243; global_colors_info=&#8220;{}&#8220;][et_pb_column type=&#8220;4_4&#8243; _builder_version=&#8220;4.16&#8243; global_colors_info=&#8220;{}&#8220;][et_pb_text _builder_version=&#8220;4.16&#8243; custom_padding=&#8220;7px|||||&#8220; locked=&#8220;off&#8220; global_colors_info=&#8220;{}&#8220;]<\/p>\n<h4 style=\"text-align: center;\"><span style=\"color: #e09900; font-size: xx-large; font-family: inherit; font-weight: normal;\"><strong>Links<\/strong><\/span><\/h4>\n<p class=\"text-align-center\" style=\"text-align: center;\"><span style=\"color: #ffffff; font-size: large;\">Wenn Sie einen Druckertreiber von unseren Partnern suchen &#8211; diese Links d\u00fcrften Ihnen helfen:<\/span><\/p>\n<p class=\"text-align-center\" style=\"text-align: center;\"><span style=\"font-size: large;\"><a href=\"https:\/\/support.hp.com\/de-de\/drivers\"><span style=\"color: #ffffff;\">HP-Treiber<\/span><\/a><\/span><\/p>\n<p class=\"text-align-center\" style=\"text-align: center;\"><span style=\"font-size: large; color: #ffffff;\"><a href=\"https:\/\/www.develop.de\/de\/support\/download-center.html\" style=\"color: #ffffff;\">Ineo-Treiber<\/a><\/span><\/p>\n<p class=\"text-align-center\" style=\"text-align: center;\"><span style=\"color: #ffffff; font-size: large;\"><\/span><\/p>\n<p class=\"text-align-center\" style=\"text-align: center;\"><span style=\"color: #ffffff; font-size: large;\"><\/span><\/p>\n<p>[\/et_pb_text][\/et_pb_column][\/et_pb_row][\/et_pb_section][et_pb_section fb_built=&#8220;1&#8243; _builder_version=&#8220;4.16&#8243; background_image=&#8220;https:\/\/zimiskopi.ch\/wp-content\/uploads\/2020\/04\/Equipment-2-scaled.jpg&#8220; custom_padding=&#8220;100px|||||&#8220; global_colors_info=&#8220;{}&#8220;][et_pb_row _builder_version=&#8220;4.16&#8243; global_colors_info=&#8220;{}&#8220;][et_pb_column type=&#8220;4_4&#8243; _builder_version=&#8220;4.16&#8243; global_colors_info=&#8220;{}&#8220;][et_pb_text _builder_version=&#8220;4.16&#8243; custom_padding=&#8220;7px|||||&#8220; locked=&#8220;off&#8220; global_colors_info=&#8220;{}&#8220;]<\/p>\n<h4 style=\"text-align: center;\"><span style=\"color: #e09900; font-size: xx-large; font-family: inherit; font-weight: normal;\"><strong>Unser Equipment<\/strong><\/span><\/h4>\n<p class=\"text-align-center\" style=\"text-align: center;\"><span style=\"color: #ffffff; font-size: large;\">Egal was Sie plotten oder drucken m\u00f6chten, wir haben die n\u00f6tige Infrastruktur &#8211; die neusten Ger\u00e4te f\u00fcr den CAD-Druck und den Fotodruck oder sonstige Drucksachen wie Briefpapier, Brosch\u00fcren, Magazine, Kataloge, Faltbl\u00e4tter, Flyer etc.<\/span><\/p>\n<p class=\"text-align-center\" style=\"text-align: center;\"><span style=\"color: #ffffff; font-size: large;\">Wir helfen Ihnen gerne auf dem Weg zu einer perfekten Drucksache.<\/span><\/p>\n<p class=\"text-align-center\" style=\"text-align: center;\"><span style=\"color: #ffffff; font-size: large;\"><\/span><\/p>\n<p>[\/et_pb_text][\/et_pb_column][\/et_pb_row][et_pb_row _builder_version=&#8220;4.16&#8243; global_colors_info=&#8220;{}&#8220;][et_pb_column type=&#8220;4_4&#8243; _builder_version=&#8220;4.16&#8243; global_colors_info=&#8220;{}&#8220;][et_pb_button button_url=&#8220;@ET-DC@eyJkeW5hbWljIjp0cnVlLCJjb250ZW50IjoicG9zdF9saW5rX3VybF9wYWdlIiwic2V0dGluZ3MiOnsicG9zdF9pZCI6IjI4In19@&#8220; button_text=&#8220;Mehr erfahren&#8220; button_alignment=&#8220;center&#8220; _builder_version=&#8220;4.16&#8243; _dynamic_attributes=&#8220;button_url&#8220; custom_button=&#8220;on&#8220; button_text_color=&#8220;#FFFFFF&#8220; button_bg_color=&#8220;#8a8a8a&#8220; button_border_color=&#8220;rgba(0,0,0,0)&#8220; locked=&#8220;off&#8220; global_colors_info=&#8220;{}&#8220;][\/et_pb_button][\/et_pb_column][\/et_pb_row][\/et_pb_section]<\/p>\n","protected":false},"excerpt":{"rendered":"<p>Online-Shop Ihr Papeterie-Shop &#8211; heute bestellt, morgen geliefert. Bestellungen ab CHF 100 sind portofrei.\u00a0ProjektCloud gesch\u00fctzter Kundenbereich \u00dcber uns Zimiskopi &#8211; Ihr Partner f\u00fcr Plot- und Kopierservice, Scannen, Digital- und Plakatdruck sowie CAD-Plot. Ob CAD-technischer Plot oder Kunst\/Foto-Plot: Zimiskopi &#8211; Plotl\u00f6sungen f\u00fcr alle Bed\u00fcrfnisse. Zimiskopi ist Member von BNI Schweiz Unser Angebot Wir verf\u00fcgen \u00fcber ein [&hellip;]<\/p>\n","protected":false},"author":1,"featured_media":0,"parent":0,"menu_order":1,"comment_status":"closed","ping_status":"closed","template":"","meta":{"_et_pb_use_builder":"on","_et_pb_old_content":"","_et_gb_content_width":"","footnotes":""},"class_list":["post-9","page","type-page","status-publish","hentry"],"yoast_head":"<!-- This site is optimized with the Yoast SEO plugin v26.6 - https:\/\/yoast.com\/wordpress\/plugins\/seo\/ -->\n<title>Home - Zimiskopi GmbH Plot- und Kopierservice, Scannen<\/title>\n<meta name=\"description\" content=\"Plot- und Kopierservice - Zimiskopi - Ihr Partner f\u00fcr Plot- und Kopierservice, Scannen, Digital- und Plakatdruck sowie CAD-Plot. Ob CAD-technischer Plot...\" \/>\n<meta name=\"robots\" content=\"index, follow, max-snippet:-1, max-image-preview:large, max-video-preview:-1\" \/>\n<link rel=\"canonical\" href=\"https:\/\/zimiskopi.ch\/\" \/>\n<meta property=\"og:locale\" content=\"de_DE\" \/>\n<meta property=\"og:type\" content=\"article\" \/>\n<meta property=\"og:title\" content=\"Home - Zimiskopi GmbH Plot- und Kopierservice, Scannen\" \/>\n<meta property=\"og:description\" content=\"Plot- und Kopierservice - Zimiskopi - Ihr Partner f\u00fcr Plot- und Kopierservice, Scannen, Digital- und Plakatdruck sowie CAD-Plot. Ob CAD-technischer Plot...\" \/>\n<meta property=\"og:url\" content=\"https:\/\/zimiskopi.ch\/\" \/>\n<meta property=\"og:site_name\" content=\"Zimiskopi GmbH\" \/>\n<meta property=\"article:modified_time\" content=\"2026-04-03T14:26:40+00:00\" \/>\n<meta name=\"twitter:card\" content=\"summary_large_image\" \/>\n<meta name=\"twitter:label1\" content=\"Gesch\u00e4tzte Lesezeit\" \/>\n\t<meta name=\"twitter:data1\" content=\"5\u00a0Minuten\" \/>\n<script type=\"application\/ld+json\" class=\"yoast-schema-graph\">{\"@context\":\"https:\/\/schema.org\",\"@graph\":[{\"@type\":\"WebPage\",\"@id\":\"https:\/\/zimiskopi.ch\/\",\"url\":\"https:\/\/zimiskopi.ch\/\",\"name\":\"Home - Zimiskopi GmbH Plot- und Kopierservice, Scannen\",\"isPartOf\":{\"@id\":\"https:\/\/zimiskopi.ch\/#website\"},\"datePublished\":\"2020-04-24T11:43:03+00:00\",\"dateModified\":\"2026-04-03T14:26:40+00:00\",\"description\":\"Plot- und Kopierservice - Zimiskopi - Ihr Partner f\u00fcr Plot- und Kopierservice, Scannen, Digital- und Plakatdruck sowie CAD-Plot. Ob CAD-technischer Plot...\",\"breadcrumb\":{\"@id\":\"https:\/\/zimiskopi.ch\/#breadcrumb\"},\"inLanguage\":\"de\",\"potentialAction\":[{\"@type\":\"ReadAction\",\"target\":[\"https:\/\/zimiskopi.ch\/\"]}]},{\"@type\":\"BreadcrumbList\",\"@id\":\"https:\/\/zimiskopi.ch\/#breadcrumb\",\"itemListElement\":[{\"@type\":\"ListItem\",\"position\":1,\"name\":\"Startseite\",\"item\":\"https:\/\/zimiskopi.ch\/\"},{\"@type\":\"ListItem\",\"position\":2,\"name\":\"Home\"}]},{\"@type\":\"WebSite\",\"@id\":\"https:\/\/zimiskopi.ch\/#website\",\"url\":\"https:\/\/zimiskopi.ch\/\",\"name\":\"Zimiskopi GmbH\",\"description\":\"Drucksachen aller Art\",\"potentialAction\":[{\"@type\":\"SearchAction\",\"target\":{\"@type\":\"EntryPoint\",\"urlTemplate\":\"https:\/\/zimiskopi.ch\/?s={search_term_string}\"},\"query-input\":{\"@type\":\"PropertyValueSpecification\",\"valueRequired\":true,\"valueName\":\"search_term_string\"}}],\"inLanguage\":\"de\"}]}<\/script>\n<!-- \/ Yoast SEO plugin. -->","yoast_head_json":{"title":"Home - Zimiskopi GmbH Plot- und Kopierservice, Scannen","description":"Plot- und Kopierservice - Zimiskopi - Ihr Partner f\u00fcr Plot- und Kopierservice, Scannen, Digital- und Plakatdruck sowie CAD-Plot. Ob CAD-technischer Plot...","robots":{"index":"index","follow":"follow","max-snippet":"max-snippet:-1","max-image-preview":"max-image-preview:large","max-video-preview":"max-video-preview:-1"},"canonical":"https:\/\/zimiskopi.ch\/","og_locale":"de_DE","og_type":"article","og_title":"Home - Zimiskopi GmbH Plot- und Kopierservice, Scannen","og_description":"Plot- und Kopierservice - Zimiskopi - Ihr Partner f\u00fcr Plot- und Kopierservice, Scannen, Digital- und Plakatdruck sowie CAD-Plot. Ob CAD-technischer Plot...","og_url":"https:\/\/zimiskopi.ch\/","og_site_name":"Zimiskopi GmbH","article_modified_time":"2026-04-03T14:26:40+00:00","twitter_card":"summary_large_image","twitter_misc":{"Gesch\u00e4tzte Lesezeit":"5\u00a0Minuten"},"schema":{"@context":"https:\/\/schema.org","@graph":[{"@type":"WebPage","@id":"https:\/\/zimiskopi.ch\/","url":"https:\/\/zimiskopi.ch\/","name":"Home - Zimiskopi GmbH Plot- und Kopierservice, Scannen","isPartOf":{"@id":"https:\/\/zimiskopi.ch\/#website"},"datePublished":"2020-04-24T11:43:03+00:00","dateModified":"2026-04-03T14:26:40+00:00","description":"Plot- und Kopierservice - Zimiskopi - Ihr Partner f\u00fcr Plot- und Kopierservice, Scannen, Digital- und Plakatdruck sowie CAD-Plot. Ob CAD-technischer Plot...","breadcrumb":{"@id":"https:\/\/zimiskopi.ch\/#breadcrumb"},"inLanguage":"de","potentialAction":[{"@type":"ReadAction","target":["https:\/\/zimiskopi.ch\/"]}]},{"@type":"BreadcrumbList","@id":"https:\/\/zimiskopi.ch\/#breadcrumb","itemListElement":[{"@type":"ListItem","position":1,"name":"Startseite","item":"https:\/\/zimiskopi.ch\/"},{"@type":"ListItem","position":2,"name":"Home"}]},{"@type":"WebSite","@id":"https:\/\/zimiskopi.ch\/#website","url":"https:\/\/zimiskopi.ch\/","name":"Zimiskopi GmbH","description":"Drucksachen aller Art","potentialAction":[{"@type":"SearchAction","target":{"@type":"EntryPoint","urlTemplate":"https:\/\/zimiskopi.ch\/?s={search_term_string}"},"query-input":{"@type":"PropertyValueSpecification","valueRequired":true,"valueName":"search_term_string"}}],"inLanguage":"de"}]}},"_links":{"self":[{"href":"https:\/\/zimiskopi.ch\/index.php\/wp-json\/wp\/v2\/pages\/9","targetHints":{"allow":["GET"]}}],"collection":[{"href":"https:\/\/zimiskopi.ch\/index.php\/wp-json\/wp\/v2\/pages"}],"about":[{"href":"https:\/\/zimiskopi.ch\/index.php\/wp-json\/wp\/v2\/types\/page"}],"author":[{"embeddable":true,"href":"https:\/\/zimiskopi.ch\/index.php\/wp-json\/wp\/v2\/users\/1"}],"replies":[{"embeddable":true,"href":"https:\/\/zimiskopi.ch\/index.php\/wp-json\/wp\/v2\/comments?post=9"}],"version-history":[{"count":64,"href":"https:\/\/zimiskopi.ch\/index.php\/wp-json\/wp\/v2\/pages\/9\/revisions"}],"predecessor-version":[{"id":438,"href":"https:\/\/zimiskopi.ch\/index.php\/wp-json\/wp\/v2\/pages\/9\/revisions\/438"}],"wp:attachment":[{"href":"https:\/\/zimiskopi.ch\/index.php\/wp-json\/wp\/v2\/media?parent=9"}],"curies":[{"name":"wp","href":"https:\/\/api.w.org\/{rel}","templated":true}]}}